{"id":2072,"date":"2026-03-15T13:47:58","date_gmt":"2026-03-15T16:47:58","guid":{"rendered":"https:\/\/leyqueactiva.com\/?page_id=2072"},"modified":"2026-03-15T13:50:27","modified_gmt":"2026-03-15T16:50:27","slug":"opiniones-de-clientes","status":"publish","type":"page","link":"https:\/\/leyqueactiva.com\/index.php\/opiniones-de-clientes\/","title":{"rendered":"Opiniones de clientes"},"content":{"rendered":"\t\t<div data-elementor-type=\"wp-page\" data-elementor-id=\"2072\" class=\"elementor elementor-2072\">\n\t\t\t\t<div class=\"elementor-element elementor-element-1a33b76 e-flex e-con-boxed e-con e-parent\" data-id=\"1a33b76\" data-element_type=\"container\">\n\t\t\t\t\t<div class=\"e-con-inner\">\n\t\t\t\t<div class=\"elementor-element elementor-element-5332302 elementor-widget elementor-widget-shortcode\" data-id=\"5332302\" data-element_type=\"widget\" data-widget_type=\"shortcode.default\">\n\t\t\t\t\t\t\t<div class=\"elementor-shortcode\"><div class=\"shortcode-site-reviews-form\"><div class=\"glsr glsr-default\" id=\"glsr_rblkwgdi\" data-from=\"shortcode\" data-shortcode=\"site_reviews_form\"><div class=\"glsr-form-wrap\">\n    <form class=\"glsr-form glsr-review-form\" method=\"post\" enctype=\"multipart\/form-data\">\n        <input type=\"hidden\" name=\"site-reviews[_action]\" value=\"submit-review\" \/>\n<input type=\"hidden\" name=\"site-reviews[_nonce]\" value=\"25269f4681\" \/>\n<input type=\"hidden\" name=\"site-reviews[_post_id]\" value=\"2072\" \/>\n<input type=\"hidden\" name=\"site-reviews[_referer]\" value=\"\" \/>\n<input type=\"hidden\" name=\"site-reviews[assigned_posts]\" value=\"\" \/>\n<input type=\"hidden\" name=\"site-reviews[assigned_terms]\" value=\"\" \/>\n<input type=\"hidden\" name=\"site-reviews[assigned_users]\" value=\"\" \/>\n<input type=\"hidden\" name=\"site-reviews[excluded]\" value=\"\" \/>\n<input type=\"hidden\" name=\"site-reviews[form_id]\" value=\"glsr_rblkwgdi\" \/>\n<input type=\"hidden\" name=\"site-reviews[form_signature]\" value=\"ESqN2LPiD3WmCMgXUC5tfuhOYAZTCboA47a6sWp5g4YPnjIzZZSNJTn1ILhxk-iMx3raDIfNgi2wUVttROgfz2-1Kc4xFEA-akkZjttFozcxswWtwC-bpQGGYtexZWoswWNVYTIGG6w48dXDZarpZ3Nhvbaw9HLXJvWhhpXnTALhdPCL8YimZXyWybPlqJq3DZ2SLKqdjuzaDCaHnnvvLfthtwHeux9rLZYVoFb5JgX7kxuBL5jfrlcSn4DtmvFtsApw_eIOyN6xNaZLh-6PkukvtccLmbYgngJCJCcKUbnRlfhF80hZci-a9raoQyM3izPG5rOQ5mpmhTmEuf6EFn8pbWXh23nwWUMl8kvpJ9NOjh1qPYux3ojeaqHCgEi9q3FYNssSFps3zbsuiOLKLpO4O0aSFYk1bnIRFUGCoKafWDwQIF8ozcYT-MM\" \/>\n<input type=\"hidden\" name=\"site-reviews[terms_exist]\" value=\"1\" \/>\n<div class=\"glsr-field\" style=\"display:none;\"><label for=\"site-reviews-521a5f9c-glsr_rblkwgdi\">Tu rese\u00f1a<\/label><input type=\"text\" class=\"glsr-input glsr-input-text\" id=\"site-reviews-521a5f9c-glsr_rblkwgdi\" name=\"site-reviews[521a5f9c]\" value=\"\" \/><\/div>\n<div class=\"glsr-field glsr-field-rating glsr-required\" data-field=\"rating\" data-type=\"rating\">\n    <label class=\"glsr-label\" for=\"glsr_rblkwgdi-rating\">\n    <span>Tu puntuaci\u00f3n global<\/span>\n<\/label>\n    <select class=\"browser-default disable-select glsr-select no-wrap no_wrap\" id=\"glsr_rblkwgdi-rating\" name=\"site-reviews[rating]\" required><option value=\"\">Seleccionar una puntuaci\u00f3n<\/option><option value=\"5\">5 estrellas<\/option><option value=\"4\">4 estrellas<\/option><option value=\"3\">3 estrellas<\/option><option value=\"2\">2 estrellas<\/option><option value=\"1\">1 estrella<\/option><\/select>\n    <div class=\"glsr-field-error\"><\/div>\n<\/div>\n<div class=\"glsr-field glsr-field-text glsr-required\" data-field=\"title\" data-type=\"text\">\n    <label class=\"glsr-label\" for=\"glsr_rblkwgdi-title\">\n    <span>T\u00edtulo de tu rese\u00f1a<\/span>\n<\/label>\n    <input type=\"text\" class=\"glsr-input glsr-input-text\" id=\"glsr_rblkwgdi-title\" name=\"site-reviews[title]\" required placeholder=\"Resume tu rese\u00f1a o resalta un detalle interesante\" value=\"\" \/>\n    <div class=\"glsr-field-error\"><\/div>\n<\/div>\n<div class=\"glsr-field glsr-field-textarea glsr-required\" data-field=\"content\" data-type=\"textarea\">\n    <label class=\"glsr-label\" for=\"glsr_rblkwgdi-content\">\n    <span>Tu rese\u00f1a<\/span>\n<\/label>\n    <textarea class=\"glsr-textarea\" id=\"glsr_rblkwgdi-content\" name=\"site-reviews[content]\" required placeholder=\"Comparte tu opini\u00f3n\" rows=\"5\"><\/textarea>\n    <div class=\"glsr-field-error\"><\/div>\n<\/div>\n<div class=\"glsr-field glsr-field-text glsr-required\" data-field=\"name\" data-type=\"text\">\n    <label class=\"glsr-label\" for=\"glsr_rblkwgdi-name\">\n    <span>Tu nombre<\/span>\n<\/label>\n    <input type=\"text\" class=\"glsr-input glsr-input-text\" id=\"glsr_rblkwgdi-name\" name=\"site-reviews[name]\" required placeholder=\"Dinos tu nombre\" value=\"\" \/>\n    <div class=\"glsr-field-error\"><\/div>\n<\/div>\n<div class=\"glsr-field glsr-field-email glsr-required\" data-field=\"email\" data-type=\"email\">\n    <label class=\"glsr-label\" for=\"glsr_rblkwgdi-email\">\n    <span>Tu correo electr\u00f3nico<\/span>\n<\/label>\n    <input type=\"email\" class=\"glsr-input glsr-input-email\" id=\"glsr_rblkwgdi-email\" name=\"site-reviews[email]\" required placeholder=\"Dinos tu email\" value=\"\" \/>\n    <div class=\"glsr-field-error\"><\/div>\n<\/div>\n<div class=\"glsr-field glsr-field-choice glsr-required\" data-field=\"terms\" data-type=\"toggle\">\n    \n    <div class=\"glsr-field-subgroup\">\n        <span class=\"glsr-field-toggle\">\n    <span>\n        <span class=\"glsr-toggle\"><input type=\"checkbox\" class=\"glsr-input-toggle\" id=\"glsr_rblkwgdi-terms-1\" name=\"site-reviews[terms]\" required value=\"1\" \/><span class=\"glsr-toggle-track\"><\/span><\/span>\n    <\/span>\n    <label for=\"glsr_rblkwgdi-terms-1\">Esta rese\u00f1a se basa en mi propia experiencia y es mi opini\u00f3n genuina.<\/label>\n<\/span>\n    <\/div>\n    <div class=\"glsr-field-error\"><\/div>\n<\/div>\n        <div class=\"glsr-form-message\">\n    \n<\/div>\n        <div data-field=\"submit-button\">\n    <div class=\"wp-block-buttons is-layout-flex\">\n        <div class=\"wp-block-button\">\n            <button type=\"submit\" class=\"glsr-button wp-block-button__link wp-element-button\" aria-busy=\"false\" data-loading=\"Enviando, por favor espera...\">Enviar una rese\u00f1a<\/button>\n        <\/div>\n    <\/div>\n<\/div>\n    <\/form>\n<\/div><\/div><\/div><\/div>\n\t\t\t\t\t\t<\/div>\n\t\t\t\t<div class=\"elementor-element elementor-element-0fbd6e0 elementor-widget elementor-widget-shortcode\" data-id=\"0fbd6e0\" data-element_type=\"widget\" data-widget_type=\"shortcode.default\">\n\t\t\t\t\t\t\t<div class=\"elementor-shortcode\"><div class=\"shortcode-site-reviews\"><div class=\"glsr glsr-default\" id=\"glsr_pnvrmtgs\" data-from=\"shortcode\" data-shortcode=\"site_reviews\"><div class=\"glsr-reviews-wrap\">\n    <div class=\"glsr-reviews\">\n        <div class=\"glsr-review\" data-id=\"2097\" data-type=\"local\" id=\"review-2097\" data-assigned='[]'>\n    <div class=\"glsr-review-title\"><h4 class=\"glsr-tag-value\">Excelente experiencia<\/h4><\/div>\n    <div class=\"glsr-review-rating\"><div class=\"glsr-star-rating glsr-stars\" role=\"img\" aria-label=\"Valorado con 5 de 5 estrellas\" data-rating=\"5\" data-reviews=\"0\"><span class=\"glsr-star glsr-star-full\" aria-hidden=\"true\"><\/span><span class=\"glsr-star glsr-star-full\" aria-hidden=\"true\"><\/span><span class=\"glsr-star glsr-star-full\" aria-hidden=\"true\"><\/span><span class=\"glsr-star glsr-star-full\" aria-hidden=\"true\"><\/span><span class=\"glsr-star glsr-star-full\" aria-hidden=\"true\"><\/span><\/div><\/div> <div class=\"glsr-review-date\"><span class=\"glsr-tag-value\">15 de marzo de 2026<\/span><\/div>\n    \n    <div class=\"glsr-review-content\"><div class=\"glsr-tag-value\" data-expanded=\"false\"><p>Desde el primer momento me brindaron asesoramiento claro, profesional y muy humano en un proceso que para m\u00ed era bastante complejo y sensible.<\/p>\n<p class=\"glsr-hidden-text\" data-show-less=\"Mostrar menos\" data-show-more=\"Mostrar m\u00e1s\" data-trigger=\"expand\">Se tomaron el tiempo de explicarme cada paso del tr\u00e1mite, resolvieron todas mis dudas y me acompa\u00f1aron durante todo el proceso con mucha responsabilidad y compromiso. Gracias a su experiencia, la sucesi\u00f3n a<span class=\"glsr-hidden\">vanz\u00f3 de forma ordenada y mucho m\u00e1s r\u00e1pida de lo que imaginaba.<\/span><\/p>\n<p class=\"glsr-hidden\">Destaco especialmente la seriedad, la transparencia y la dedicaci\u00f3n con la que trabajan. Sin dudas recomiendo este estudio a cualquier persona que necesite asesoramiento en temas de sucesiones. Un equipo muy confiable y profesional.<\/p><\/div><\/div>\n    <div class=\"glsr-review-avatar\"><img loading=\"lazy\" decoding=\"async\" style=\"width:40px; height:40px;\" alt=\"Avatar para Maria Macchione\" height=\"80\" loading=\"lazy\" src=\"https:\/\/leyqueactiva.com\/wp-content\/uploads\/site-reviews\/avatars\/MM.svg\" width=\"80\" \/><\/div>\n    <div class=\"glsr-review-author\"><span class=\"glsr-tag-value\">Maria Macchione<\/span><\/div>  \n    \n<\/div>\n    <\/div>\n    \n<\/div><\/div><\/div><\/div>\n\t\t\t\t\t\t<\/div>\n\t\t\t\t\t<\/div>\n\t\t\t\t<\/div>\n\t\t\t\t<\/div>\n\t\t","protected":false},"excerpt":{"rendered":"","protected":false},"author":1,"featured_media":0,"parent":0,"menu_order":0,"comment_status":"closed","ping_status":"closed","template":"","meta":{"_glsr_average":0,"_glsr_ranking":0,"_glsr_reviews":0,"_joinchat":[],"footnotes":""},"class_list":["post-2072","page","type-page","status-publish","hentry"],"yoast_head":"<!-- This site is optimized with the Yoast SEO plugin v27.1.1 - https:\/\/yoast.com\/product\/yoast-seo-wordpress\/ -->\n<title>Opiniones de clientes -<\/title>\n<meta name=\"robots\" content=\"index, follow, max-snippet:-1, max-image-preview:large, max-video-preview:-1\" \/>\n<link rel=\"canonical\" href=\"https:\/\/leyqueactiva.com\/index.php\/opiniones-de-clientes\/\" \/>\n<meta property=\"og:locale\" content=\"es_ES\" \/>\n<meta property=\"og:type\" content=\"article\" \/>\n<meta property=\"og:title\" content=\"Opiniones de clientes -\" \/>\n<meta property=\"og:url\" content=\"https:\/\/leyqueactiva.com\/index.php\/opiniones-de-clientes\/\" \/>\n<meta property=\"article:publisher\" content=\"https:\/\/www.facebook.com\/profile.php?id=61587567388037\" \/>\n<meta property=\"article:modified_time\" content=\"2026-03-15T16:50:27+00:00\" \/>\n<meta name=\"twitter:card\" content=\"summary_large_image\" \/>\n<script type=\"application\/ld+json\" class=\"yoast-schema-graph\">{\"@context\":\"https:\/\/schema.org\",\"@graph\":[{\"@type\":\"WebPage\",\"@id\":\"https:\/\/leyqueactiva.com\/index.php\/opiniones-de-clientes\/\",\"url\":\"https:\/\/leyqueactiva.com\/index.php\/opiniones-de-clientes\/\",\"name\":\"Opiniones de clientes -\",\"isPartOf\":{\"@id\":\"https:\/\/leyqueactiva.com\/#website\"},\"datePublished\":\"2026-03-15T16:47:58+00:00\",\"dateModified\":\"2026-03-15T16:50:27+00:00\",\"breadcrumb\":{\"@id\":\"https:\/\/leyqueactiva.com\/index.php\/opiniones-de-clientes\/#breadcrumb\"},\"inLanguage\":\"es\",\"potentialAction\":[{\"@type\":\"ReadAction\",\"target\":[\"https:\/\/leyqueactiva.com\/index.php\/opiniones-de-clientes\/\"]}]},{\"@type\":\"BreadcrumbList\",\"@id\":\"https:\/\/leyqueactiva.com\/index.php\/opiniones-de-clientes\/#breadcrumb\",\"itemListElement\":[{\"@type\":\"ListItem\",\"position\":1,\"name\":\"Portada\",\"item\":\"https:\/\/leyqueactiva.com\/\"},{\"@type\":\"ListItem\",\"position\":2,\"name\":\"Opiniones de clientes\"}]},{\"@type\":\"WebSite\",\"@id\":\"https:\/\/leyqueactiva.com\/#website\",\"url\":\"https:\/\/leyqueactiva.com\/\",\"name\":\"leyqueactiva\",\"description\":\"Ley que Activa\",\"publisher\":{\"@id\":\"https:\/\/leyqueactiva.com\/#organization\"},\"potentialAction\":[{\"@type\":\"SearchAction\",\"target\":{\"@type\":\"EntryPoint\",\"urlTemplate\":\"https:\/\/leyqueactiva.com\/?s={search_term_string}\"},\"query-input\":{\"@type\":\"PropertyValueSpecification\",\"valueRequired\":true,\"valueName\":\"search_term_string\"}}],\"inLanguage\":\"es\"},{\"@type\":\"Organization\",\"@id\":\"https:\/\/leyqueactiva.com\/#organization\",\"name\":\"Ley que Activa\",\"url\":\"https:\/\/leyqueactiva.com\/\",\"logo\":{\"@type\":\"ImageObject\",\"inLanguage\":\"es\",\"@id\":\"https:\/\/leyqueactiva.com\/#\/schema\/logo\/image\/\",\"url\":\"https:\/\/leyqueactiva.com\/wp-content\/uploads\/2026\/01\/2F93C4B1-3C96-4B01-B587-92FE004A9294.png\",\"contentUrl\":\"https:\/\/leyqueactiva.com\/wp-content\/uploads\/2026\/01\/2F93C4B1-3C96-4B01-B587-92FE004A9294.png\",\"width\":1536,\"height\":1024,\"caption\":\"Ley que Activa\"},\"image\":{\"@id\":\"https:\/\/leyqueactiva.com\/#\/schema\/logo\/image\/\"},\"sameAs\":[\"https:\/\/www.facebook.com\/profile.php?id=61587567388037\"]}]}<\/script>\n<!-- \/ Yoast SEO plugin. -->","yoast_head_json":{"title":"Opiniones de clientes -","robots":{"index":"index","follow":"follow","max-snippet":"max-snippet:-1","max-image-preview":"max-image-preview:large","max-video-preview":"max-video-preview:-1"},"canonical":"https:\/\/leyqueactiva.com\/index.php\/opiniones-de-clientes\/","og_locale":"es_ES","og_type":"article","og_title":"Opiniones de clientes -","og_url":"https:\/\/leyqueactiva.com\/index.php\/opiniones-de-clientes\/","article_publisher":"https:\/\/www.facebook.com\/profile.php?id=61587567388037","article_modified_time":"2026-03-15T16:50:27+00:00","twitter_card":"summary_large_image","schema":{"@context":"https:\/\/schema.org","@graph":[{"@type":"WebPage","@id":"https:\/\/leyqueactiva.com\/index.php\/opiniones-de-clientes\/","url":"https:\/\/leyqueactiva.com\/index.php\/opiniones-de-clientes\/","name":"Opiniones de clientes -","isPartOf":{"@id":"https:\/\/leyqueactiva.com\/#website"},"datePublished":"2026-03-15T16:47:58+00:00","dateModified":"2026-03-15T16:50:27+00:00","breadcrumb":{"@id":"https:\/\/leyqueactiva.com\/index.php\/opiniones-de-clientes\/#breadcrumb"},"inLanguage":"es","potentialAction":[{"@type":"ReadAction","target":["https:\/\/leyqueactiva.com\/index.php\/opiniones-de-clientes\/"]}]},{"@type":"BreadcrumbList","@id":"https:\/\/leyqueactiva.com\/index.php\/opiniones-de-clientes\/#breadcrumb","itemListElement":[{"@type":"ListItem","position":1,"name":"Portada","item":"https:\/\/leyqueactiva.com\/"},{"@type":"ListItem","position":2,"name":"Opiniones de clientes"}]},{"@type":"WebSite","@id":"https:\/\/leyqueactiva.com\/#website","url":"https:\/\/leyqueactiva.com\/","name":"leyqueactiva","description":"Ley que Activa","publisher":{"@id":"https:\/\/leyqueactiva.com\/#organization"},"potentialAction":[{"@type":"SearchAction","target":{"@type":"EntryPoint","urlTemplate":"https:\/\/leyqueactiva.com\/?s={search_term_string}"},"query-input":{"@type":"PropertyValueSpecification","valueRequired":true,"valueName":"search_term_string"}}],"inLanguage":"es"},{"@type":"Organization","@id":"https:\/\/leyqueactiva.com\/#organization","name":"Ley que Activa","url":"https:\/\/leyqueactiva.com\/","logo":{"@type":"ImageObject","inLanguage":"es","@id":"https:\/\/leyqueactiva.com\/#\/schema\/logo\/image\/","url":"https:\/\/leyqueactiva.com\/wp-content\/uploads\/2026\/01\/2F93C4B1-3C96-4B01-B587-92FE004A9294.png","contentUrl":"https:\/\/leyqueactiva.com\/wp-content\/uploads\/2026\/01\/2F93C4B1-3C96-4B01-B587-92FE004A9294.png","width":1536,"height":1024,"caption":"Ley que Activa"},"image":{"@id":"https:\/\/leyqueactiva.com\/#\/schema\/logo\/image\/"},"sameAs":["https:\/\/www.facebook.com\/profile.php?id=61587567388037"]}]}},"_links":{"self":[{"href":"https:\/\/leyqueactiva.com\/index.php\/wp-json\/wp\/v2\/pages\/2072","targetHints":{"allow":["GET"]}}],"collection":[{"href":"https:\/\/leyqueactiva.com\/index.php\/wp-json\/wp\/v2\/pages"}],"about":[{"href":"https:\/\/leyqueactiva.com\/index.php\/wp-json\/wp\/v2\/types\/page"}],"author":[{"embeddable":true,"href":"https:\/\/leyqueactiva.com\/index.php\/wp-json\/wp\/v2\/users\/1"}],"replies":[{"embeddable":true,"href":"https:\/\/leyqueactiva.com\/index.php\/wp-json\/wp\/v2\/comments?post=2072"}],"version-history":[{"count":6,"href":"https:\/\/leyqueactiva.com\/index.php\/wp-json\/wp\/v2\/pages\/2072\/revisions"}],"predecessor-version":[{"id":2078,"href":"https:\/\/leyqueactiva.com\/index.php\/wp-json\/wp\/v2\/pages\/2072\/revisions\/2078"}],"wp:attachment":[{"href":"https:\/\/leyqueactiva.com\/index.php\/wp-json\/wp\/v2\/media?parent=2072"}],"curies":[{"name":"wp","href":"https:\/\/api.w.org\/{rel}","templated":true}]}}