{"id":592,"date":"2026-01-26T18:01:20","date_gmt":"2026-01-26T21:01:20","guid":{"rendered":"https:\/\/leyqueactiva.com\/?page_id=592"},"modified":"2026-02-24T11:13:14","modified_gmt":"2026-02-24T14:13:14","slug":"capacitaciones","status":"publish","type":"page","link":"https:\/\/leyqueactiva.com\/index.php\/capacitaciones\/","title":{"rendered":"Capacitaciones"},"content":{"rendered":"\t\t<div data-elementor-type=\"wp-page\" data-elementor-id=\"592\" class=\"elementor elementor-592\">\n\t\t\t\t<div class=\"elementor-element elementor-element-50e23ec e-flex e-con-boxed e-con e-parent\" data-id=\"50e23ec\" data-element_type=\"container\">\n\t\t\t\t\t<div class=\"e-con-inner\">\n\t\t\t\t<div class=\"elementor-element elementor-element-f39ceed elementor-widget elementor-widget-text-editor\" data-id=\"f39ceed\" data-element_type=\"widget\" data-widget_type=\"text-editor.default\">\n\t\t\t\t\t\t\t\t\t<p>\u00a0<\/p><p><span style=\"font-weight: 400;\">Brindamos capacitaciones pr\u00e1cticas para <\/span><b>abogados y abogadas en los primeros a\u00f1os del ejercicio profesional<\/b><span style=\"font-weight: 400;\">, orientadas a desarrollar competencias clave para intervenir eficazmente en conflictos desde una mirada <\/span><b>estrat\u00e9gica, comunicacional y colaborativa<\/b><span style=\"font-weight: 400;\">.<\/span><\/p><p><span style=\"font-weight: 400;\">Nuestros programas se estructuran en cuatro ejes fundamentales:<\/span><\/p><ol><li><b> Gesti\u00f3n de conflictos y su abordaje en la pr\u00e1ctica<\/b><b><br \/><\/b><span style=\"font-weight: 400;\"> Comprensi\u00f3n del conflicto como fen\u00f3meno jur\u00eddico, social y humano. Tipos de conflicto, escalada, intereses, posiciones y necesidades. Herramientas para el diagn\u00f3stico del conflicto y la toma de decisiones estrat\u00e9gicas en casos reales.<\/span><\/li><li><b> Comunicaci\u00f3n aplicada al ejercicio profesional<\/b><b><br \/><\/b><span style=\"font-weight: 400;\"> Comunicaci\u00f3n efectiva, escucha activa y formulaci\u00f3n de preguntas. Manejo de conversaciones dif\u00edciles con clientes, colegas y contrapartes. Comunicaci\u00f3n estrat\u00e9gica para prevenir conflictos y facilitar acuerdos.<\/span><\/li><li><b> Mediaci\u00f3n y resoluci\u00f3n alternativa de conflictos<\/b><b><br \/><\/b><span style=\"font-weight: 400;\"> Principios y etapas de la mediaci\u00f3n. Rol del abogado en procesos de mediaci\u00f3n. T\u00e9cnicas para facilitar el di\u00e1logo, generar opciones y acompa\u00f1ar acuerdos sostenibles, con foco en la instancia previa al juicio.<\/span><\/li><li><b> Negociaci\u00f3n jur\u00eddica<\/b><b><br \/><\/b><span style=\"font-weight: 400;\"> Negociaci\u00f3n colaborativa y negociaci\u00f3n competitiva. Preparaci\u00f3n de la negociaci\u00f3n, identificaci\u00f3n de intereses, construcci\u00f3n de propuestas y redacci\u00f3n de acuerdos. Estrategias de negociaci\u00f3n aplicadas a casos jur\u00eddicos concretos.<\/span><\/li><\/ol><p dir=\"ltr\" style=\"line-height: 1.3800000000000001; margin-top: 12pt; margin-bottom: 12pt;\"><span style=\"font-weight: 400;\">Las capacitaciones combinan <\/span><b>marco te\u00f3rico, an\u00e1lisis de casos reales, simulaciones y ejercicios pr\u00e1cticos<\/b><span style=\"font-weight: 400;\">, promoviendo una formaci\u00f3n din\u00e1mica, participativa y directamente aplicable al ejercicio profesional.<\/span><\/p>\t\t\t\t\t\t\t\t<\/div>\n\t\t\t\t\t<\/div>\n\t\t\t\t<\/div>\n\t\t\t\t<\/div>\n\t\t","protected":false},"excerpt":{"rendered":"<p>\u00a0 Brindamos capacitaciones pr\u00e1cticas para abogados y abogadas en los primeros a\u00f1os del ejercicio profesional, orientadas a desarrollar competencias clave para intervenir eficazmente en conflictos desde una mirada estrat\u00e9gica, comunicacional y colaborativa. Nuestros programas se estructuran en cuatro ejes fundamentales: Gesti\u00f3n de conflictos y su abordaje en la pr\u00e1ctica Comprensi\u00f3n del conflicto como fen\u00f3meno jur\u00eddico, [&hellip;]<\/p>\n","protected":false},"author":1,"featured_media":0,"parent":0,"menu_order":0,"comment_status":"closed","ping_status":"closed","template":"","meta":{"_glsr_average":0,"_glsr_ranking":0,"_glsr_reviews":0,"_joinchat":[],"footnotes":""},"class_list":["post-592","page","type-page","status-publish","hentry"],"yoast_head":"<!-- This site is optimized with the Yoast SEO plugin v27.1.1 - https:\/\/yoast.com\/product\/yoast-seo-wordpress\/ -->\n<title>Capacitaciones -<\/title>\n<meta name=\"robots\" content=\"index, follow, max-snippet:-1, max-image-preview:large, max-video-preview:-1\" \/>\n<link rel=\"canonical\" href=\"https:\/\/leyqueactiva.com\/index.php\/capacitaciones\/\" \/>\n<meta property=\"og:locale\" content=\"es_ES\" \/>\n<meta property=\"og:type\" content=\"article\" \/>\n<meta property=\"og:title\" content=\"Capacitaciones -\" \/>\n<meta property=\"og:description\" content=\"\u00a0 Brindamos capacitaciones pr\u00e1cticas para abogados y abogadas en los primeros a\u00f1os del ejercicio profesional, orientadas a desarrollar competencias clave para intervenir eficazmente en conflictos desde una mirada estrat\u00e9gica, comunicacional y colaborativa. Nuestros programas se estructuran en cuatro ejes fundamentales: Gesti\u00f3n de conflictos y su abordaje en la pr\u00e1ctica Comprensi\u00f3n del conflicto como fen\u00f3meno jur\u00eddico, [&hellip;]\" \/>\n<meta property=\"og:url\" content=\"https:\/\/leyqueactiva.com\/index.php\/capacitaciones\/\" \/>\n<meta property=\"article:publisher\" content=\"https:\/\/www.facebook.com\/profile.php?id=61587567388037\" \/>\n<meta property=\"article:modified_time\" content=\"2026-02-24T14:13:14+00:00\" \/>\n<meta name=\"twitter:card\" content=\"summary_large_image\" \/>\n<meta name=\"twitter:label1\" content=\"Tiempo de lectura\" \/>\n\t<meta name=\"twitter:data1\" content=\"1 minuto\" \/>\n<script type=\"application\/ld+json\" class=\"yoast-schema-graph\">{\"@context\":\"https:\/\/schema.org\",\"@graph\":[{\"@type\":\"WebPage\",\"@id\":\"https:\/\/leyqueactiva.com\/index.php\/capacitaciones\/\",\"url\":\"https:\/\/leyqueactiva.com\/index.php\/capacitaciones\/\",\"name\":\"Capacitaciones -\",\"isPartOf\":{\"@id\":\"https:\/\/leyqueactiva.com\/#website\"},\"datePublished\":\"2026-01-26T21:01:20+00:00\",\"dateModified\":\"2026-02-24T14:13:14+00:00\",\"breadcrumb\":{\"@id\":\"https:\/\/leyqueactiva.com\/index.php\/capacitaciones\/#breadcrumb\"},\"inLanguage\":\"es\",\"potentialAction\":[{\"@type\":\"ReadAction\",\"target\":[\"https:\/\/leyqueactiva.com\/index.php\/capacitaciones\/\"]}]},{\"@type\":\"BreadcrumbList\",\"@id\":\"https:\/\/leyqueactiva.com\/index.php\/capacitaciones\/#breadcrumb\",\"itemListElement\":[{\"@type\":\"ListItem\",\"position\":1,\"name\":\"Portada\",\"item\":\"https:\/\/leyqueactiva.com\/\"},{\"@type\":\"ListItem\",\"position\":2,\"name\":\"Capacitaciones\"}]},{\"@type\":\"WebSite\",\"@id\":\"https:\/\/leyqueactiva.com\/#website\",\"url\":\"https:\/\/leyqueactiva.com\/\",\"name\":\"leyqueactiva\",\"description\":\"Ley que Activa\",\"publisher\":{\"@id\":\"https:\/\/leyqueactiva.com\/#organization\"},\"potentialAction\":[{\"@type\":\"SearchAction\",\"target\":{\"@type\":\"EntryPoint\",\"urlTemplate\":\"https:\/\/leyqueactiva.com\/?s={search_term_string}\"},\"query-input\":{\"@type\":\"PropertyValueSpecification\",\"valueRequired\":true,\"valueName\":\"search_term_string\"}}],\"inLanguage\":\"es\"},{\"@type\":\"Organization\",\"@id\":\"https:\/\/leyqueactiva.com\/#organization\",\"name\":\"Ley que Activa\",\"url\":\"https:\/\/leyqueactiva.com\/\",\"logo\":{\"@type\":\"ImageObject\",\"inLanguage\":\"es\",\"@id\":\"https:\/\/leyqueactiva.com\/#\/schema\/logo\/image\/\",\"url\":\"https:\/\/leyqueactiva.com\/wp-content\/uploads\/2026\/01\/2F93C4B1-3C96-4B01-B587-92FE004A9294.png\",\"contentUrl\":\"https:\/\/leyqueactiva.com\/wp-content\/uploads\/2026\/01\/2F93C4B1-3C96-4B01-B587-92FE004A9294.png\",\"width\":1536,\"height\":1024,\"caption\":\"Ley que Activa\"},\"image\":{\"@id\":\"https:\/\/leyqueactiva.com\/#\/schema\/logo\/image\/\"},\"sameAs\":[\"https:\/\/www.facebook.com\/profile.php?id=61587567388037\"]}]}<\/script>\n<!-- \/ Yoast SEO plugin. -->","yoast_head_json":{"title":"Capacitaciones -","robots":{"index":"index","follow":"follow","max-snippet":"max-snippet:-1","max-image-preview":"max-image-preview:large","max-video-preview":"max-video-preview:-1"},"canonical":"https:\/\/leyqueactiva.com\/index.php\/capacitaciones\/","og_locale":"es_ES","og_type":"article","og_title":"Capacitaciones -","og_description":"\u00a0 Brindamos capacitaciones pr\u00e1cticas para abogados y abogadas en los primeros a\u00f1os del ejercicio profesional, orientadas a desarrollar competencias clave para intervenir eficazmente en conflictos desde una mirada estrat\u00e9gica, comunicacional y colaborativa. Nuestros programas se estructuran en cuatro ejes fundamentales: Gesti\u00f3n de conflictos y su abordaje en la pr\u00e1ctica Comprensi\u00f3n del conflicto como fen\u00f3meno jur\u00eddico, [&hellip;]","og_url":"https:\/\/leyqueactiva.com\/index.php\/capacitaciones\/","article_publisher":"https:\/\/www.facebook.com\/profile.php?id=61587567388037","article_modified_time":"2026-02-24T14:13:14+00:00","twitter_card":"summary_large_image","twitter_misc":{"Tiempo de lectura":"1 minuto"},"schema":{"@context":"https:\/\/schema.org","@graph":[{"@type":"WebPage","@id":"https:\/\/leyqueactiva.com\/index.php\/capacitaciones\/","url":"https:\/\/leyqueactiva.com\/index.php\/capacitaciones\/","name":"Capacitaciones -","isPartOf":{"@id":"https:\/\/leyqueactiva.com\/#website"},"datePublished":"2026-01-26T21:01:20+00:00","dateModified":"2026-02-24T14:13:14+00:00","breadcrumb":{"@id":"https:\/\/leyqueactiva.com\/index.php\/capacitaciones\/#breadcrumb"},"inLanguage":"es","potentialAction":[{"@type":"ReadAction","target":["https:\/\/leyqueactiva.com\/index.php\/capacitaciones\/"]}]},{"@type":"BreadcrumbList","@id":"https:\/\/leyqueactiva.com\/index.php\/capacitaciones\/#breadcrumb","itemListElement":[{"@type":"ListItem","position":1,"name":"Portada","item":"https:\/\/leyqueactiva.com\/"},{"@type":"ListItem","position":2,"name":"Capacitaciones"}]},{"@type":"WebSite","@id":"https:\/\/leyqueactiva.com\/#website","url":"https:\/\/leyqueactiva.com\/","name":"leyqueactiva","description":"Ley que Activa","publisher":{"@id":"https:\/\/leyqueactiva.com\/#organization"},"potentialAction":[{"@type":"SearchAction","target":{"@type":"EntryPoint","urlTemplate":"https:\/\/leyqueactiva.com\/?s={search_term_string}"},"query-input":{"@type":"PropertyValueSpecification","valueRequired":true,"valueName":"search_term_string"}}],"inLanguage":"es"},{"@type":"Organization","@id":"https:\/\/leyqueactiva.com\/#organization","name":"Ley que Activa","url":"https:\/\/leyqueactiva.com\/","logo":{"@type":"ImageObject","inLanguage":"es","@id":"https:\/\/leyqueactiva.com\/#\/schema\/logo\/image\/","url":"https:\/\/leyqueactiva.com\/wp-content\/uploads\/2026\/01\/2F93C4B1-3C96-4B01-B587-92FE004A9294.png","contentUrl":"https:\/\/leyqueactiva.com\/wp-content\/uploads\/2026\/01\/2F93C4B1-3C96-4B01-B587-92FE004A9294.png","width":1536,"height":1024,"caption":"Ley que Activa"},"image":{"@id":"https:\/\/leyqueactiva.com\/#\/schema\/logo\/image\/"},"sameAs":["https:\/\/www.facebook.com\/profile.php?id=61587567388037"]}]}},"_links":{"self":[{"href":"https:\/\/leyqueactiva.com\/index.php\/wp-json\/wp\/v2\/pages\/592","targetHints":{"allow":["GET"]}}],"collection":[{"href":"https:\/\/leyqueactiva.com\/index.php\/wp-json\/wp\/v2\/pages"}],"about":[{"href":"https:\/\/leyqueactiva.com\/index.php\/wp-json\/wp\/v2\/types\/page"}],"author":[{"embeddable":true,"href":"https:\/\/leyqueactiva.com\/index.php\/wp-json\/wp\/v2\/users\/1"}],"replies":[{"embeddable":true,"href":"https:\/\/leyqueactiva.com\/index.php\/wp-json\/wp\/v2\/comments?post=592"}],"version-history":[{"count":19,"href":"https:\/\/leyqueactiva.com\/index.php\/wp-json\/wp\/v2\/pages\/592\/revisions"}],"predecessor-version":[{"id":1035,"href":"https:\/\/leyqueactiva.com\/index.php\/wp-json\/wp\/v2\/pages\/592\/revisions\/1035"}],"wp:attachment":[{"href":"https:\/\/leyqueactiva.com\/index.php\/wp-json\/wp\/v2\/media?parent=592"}],"curies":[{"name":"wp","href":"https:\/\/api.w.org\/{rel}","templated":true}]}}