{"id":60,"date":"2026-01-25T10:51:47","date_gmt":"2026-01-25T13:51:47","guid":{"rendered":"https:\/\/leyqueactiva.com\/?page_id=60"},"modified":"2026-03-12T00:21:10","modified_gmt":"2026-03-12T03:21:10","slug":"servicios","status":"publish","type":"page","link":"https:\/\/leyqueactiva.com\/index.php\/servicios\/","title":{"rendered":"Servicios"},"content":{"rendered":"\t\t<div data-elementor-type=\"wp-page\" data-elementor-id=\"60\" class=\"elementor elementor-60\">\n\t\t\t\t<div class=\"elementor-element elementor-element-7fba555 e-flex e-con-boxed e-con e-parent\" data-id=\"7fba555\" data-element_type=\"container\">\n\t\t\t\t\t<div class=\"e-con-inner\">\n\t\t\t\t<div class=\"elementor-element elementor-element-fdc3cf2 elementor-widget elementor-widget-text-editor\" data-id=\"fdc3cf2\" data-element_type=\"widget\" id=\"Sucesiones\" data-widget_type=\"text-editor.default\">\n\t\t\t\t\t\t\t\t\t<h3><b>Derecho de Sucesiones<\/b><\/h3><ul><li aria-level=\"1\">Sucesiones testamentarias<\/li><li aria-level=\"1\">Sucesiones ab intestato<\/li><li aria-level=\"1\">Partici\u00f3n y adjudicaci\u00f3n de bienes<\/li><li aria-level=\"1\">Administraci\u00f3n del acervo hereditario<\/li><li aria-level=\"1\">Rastreo y localizaci\u00f3n de bienes del causante<\/li><li aria-level=\"1\">Rastreo de procesos sucesorios iniciados<\/li><li aria-level=\"1\">Inscripci\u00f3n de bienes registrables<\/li><li aria-level=\"1\">Gestiones de partidas<\/li><\/ul><h3><b>\u00a0<\/b><\/h3>\t\t\t\t\t\t\t\t<\/div>\n\t\t\t\t\t<\/div>\n\t\t\t\t<\/div>\n\t\t<div class=\"elementor-element elementor-element-ab5ad53 e-flex e-con-boxed e-con e-parent\" data-id=\"ab5ad53\" data-element_type=\"container\">\n\t\t\t\t\t<div class=\"e-con-inner\">\n\t\t\t\t<div class=\"elementor-element elementor-element-27bdf3d elementor-widget elementor-widget-text-editor\" data-id=\"27bdf3d\" data-element_type=\"widget\" id=\"Da\u00f1os\" data-widget_type=\"text-editor.default\">\n\t\t\t\t\t\t\t\t\t<h3><b>Derecho de Da\u00f1os<\/b><\/h3><ul><li style=\"font-weight: 400;\" aria-level=\"1\"><span style=\"font-weight: 400;\">Responsabilidad civil contractual y extracontractual<\/span><\/li><li style=\"font-weight: 400;\" aria-level=\"1\"><span style=\"font-weight: 400;\">Mala praxis m\u00e9dica y profesional<\/span><\/li><li style=\"font-weight: 400;\" aria-level=\"1\"><span style=\"font-weight: 400;\">Accidentes de tr\u00e1nsito<\/span><\/li><li style=\"font-weight: 400;\" aria-level=\"1\"><span style=\"font-weight: 400;\">Reclamos ante compa\u00f1\u00edas de seguros<\/span><\/li><li style=\"font-weight: 400;\" aria-level=\"1\"><span style=\"font-weight: 400;\">Incumplimiento contractual<\/span><\/li><li style=\"font-weight: 400;\" aria-level=\"1\"><span style=\"font-weight: 400;\">Da\u00f1os en relaciones de consumo<\/span><\/li><\/ul>\t\t\t\t\t\t\t\t<\/div>\n\t\t\t\t\t<\/div>\n\t\t\t\t<\/div>\n\t\t<div class=\"elementor-element elementor-element-6b16bd2 e-flex e-con-boxed e-con e-parent\" data-id=\"6b16bd2\" data-element_type=\"container\">\n\t\t\t\t\t<div class=\"e-con-inner\">\n\t\t\t\t<div class=\"elementor-element elementor-element-119227f elementor-widget elementor-widget-text-editor\" data-id=\"119227f\" data-element_type=\"widget\" id=\"Laboral\" data-widget_type=\"text-editor.default\">\n\t\t\t\t\t\t\t\t\t<h3><b>Derecho Laboral<\/b><\/h3><ul><li style=\"font-weight: 400;\" aria-level=\"1\"><span style=\"font-weight: 400;\">Despidos con y sin causa<\/span><\/li><li style=\"font-weight: 400;\" aria-level=\"1\"><span style=\"font-weight: 400;\">Relaciones laborales no registradas o deficientemente registradas<\/span><\/li><li style=\"font-weight: 400;\" aria-level=\"1\"><span style=\"font-weight: 400;\">Accidentes y enfermedades laborales ( A.R.T)<\/span><\/li><li style=\"font-weight: 400;\" aria-level=\"1\"><span style=\"font-weight: 400;\">Redacci\u00f3n y homologaci\u00f3n de acuerdos<\/span><\/li><li style=\"font-weight: 400;\" aria-level=\"1\"><span style=\"font-weight: 400;\">Asesoramiento a trabajadores y empleadores<\/span><\/li><\/ul>\t\t\t\t\t\t\t\t<\/div>\n\t\t\t\t\t<\/div>\n\t\t\t\t<\/div>\n\t\t<div class=\"elementor-element elementor-element-1a8e002 e-flex e-con-boxed e-con e-parent\" data-id=\"1a8e002\" data-element_type=\"container\">\n\t\t\t\t\t<div class=\"e-con-inner\">\n\t\t\t\t<div class=\"elementor-element elementor-element-d5f6a0e elementor-widget elementor-widget-text-editor\" data-id=\"d5f6a0e\" data-element_type=\"widget\" id=\"familia\" data-widget_type=\"text-editor.default\">\n\t\t\t\t\t\t\t\t\t<h3><b>Derecho de Familia<\/b><\/h3><ul><li style=\"font-weight: 400;\" aria-level=\"1\"><span style=\"font-weight: 400;\">Divorcio por presentaci\u00f3n conjunta<\/span><\/li><li style=\"font-weight: 400;\" aria-level=\"1\"><span style=\"font-weight: 400;\">Divorcio unilateral<\/span><\/li><li style=\"font-weight: 400;\" aria-level=\"1\"><span style=\"font-weight: 400;\">Disoluci\u00f3n de sociedad conyugal y adjudicaci\u00f3n de bienes<\/span><\/li><li style=\"font-weight: 400;\" aria-level=\"1\"><span style=\"font-weight: 400;\">Inscripci\u00f3n y registraci\u00f3n de divorcios<\/span><\/li><li style=\"font-weight: 400;\" aria-level=\"1\"><span style=\"font-weight: 400;\">Alimentos<\/span><\/li><li style=\"font-weight: 400;\" aria-level=\"1\"><span style=\"font-weight: 400;\">R\u00e9gimen de cuidado personal<\/span><\/li><li style=\"font-weight: 400;\" aria-level=\"1\"><span style=\"font-weight: 400;\">R\u00e9gimen de comunicaci\u00f3n<\/span><\/li><li style=\"font-weight: 400;\" aria-level=\"1\"><span style=\"font-weight: 400;\">Compensaci\u00f3n econ\u00f3mica<\/span><\/li><li style=\"font-weight: 400;\" aria-level=\"1\"><span style=\"font-weight: 400;\">Responsabilidad parental<\/span><\/li><li style=\"font-weight: 400;\" aria-level=\"1\"><span style=\"font-weight: 400;\">Restricciones a la capacidad<\/span><\/li><li style=\"font-weight: 400;\" aria-level=\"1\"><span style=\"font-weight: 400;\">Gesti\u00f3n y rectificaci\u00f3n de partidas<\/span><\/li><li style=\"font-weight: 400;\" aria-level=\"1\"><span style=\"font-weight: 400;\">Autorizaciones judiciales<\/span><\/li><li style=\"font-weight: 400;\" aria-level=\"1\"><span style=\"font-weight: 400;\">Homologaci\u00f3n de acuerdo<\/span><\/li><\/ul>\t\t\t\t\t\t\t\t<\/div>\n\t\t\t\t\t<\/div>\n\t\t\t\t<\/div>\n\t\t<div class=\"elementor-element elementor-element-abc0d5f e-flex e-con-boxed e-con e-parent\" data-id=\"abc0d5f\" data-element_type=\"container\">\n\t\t\t\t\t<div class=\"e-con-inner\">\n\t\t\t\t<div class=\"elementor-element elementor-element-116486f elementor-widget elementor-widget-text-editor\" data-id=\"116486f\" data-element_type=\"widget\" id=\"Resolucion\" data-widget_type=\"text-editor.default\">\n\t\t\t\t\t\t\t\t\t<h3><b>Resoluci\u00f3n alternativa de conflictos &#8211; Previo al juicio<\/b><\/h3><p><span style=\"font-weight: 400;\">Ofrecemos <\/span><b>servicios de mediaci\u00f3n y negociaci\u00f3n<\/b><span style=\"font-weight: 400;\"> como herramientas eficaces para la <\/span><b>resoluci\u00f3n temprana de conflictos<\/b><span style=\"font-weight: 400;\">, promoviendo acuerdos sostenibles <\/span><b>antes de la judicializaci\u00f3n<\/b><span style=\"font-weight: 400;\">, con menor costo econ\u00f3mico, emocional y de tiempo.<\/span><\/p><p><span style=\"font-weight: 400;\">Intervenimos en <\/span><b>conflictos civiles, patrimoniales, familiares, comerciales, laborales, societarios<\/b><span style=\"font-weight: 400;\">, entre otros, facilitando espacios de di\u00e1logo estructurado que permiten a las partes <\/span><b>construir soluciones consensuadas<\/b><span style=\"font-weight: 400;\">, preservando relaciones y evitando litigios innecesarios.<\/span><\/p><p><span style=\"font-weight: 400;\">Brindamos:<\/span><\/p><ul><li style=\"font-weight: 400;\" aria-level=\"1\"><span style=\"font-weight: 400;\">Mediaciones prejudiciales<\/span><\/li><li style=\"font-weight: 400;\" aria-level=\"1\"><span style=\"font-weight: 400;\">Procesos de negociaci\u00f3n asistida<\/span><\/li><li style=\"font-weight: 400;\" aria-level=\"1\"><span style=\"font-weight: 400;\">Asistencia en la redaccion de acuerdos espont\u00e1neos<\/span><\/li><li style=\"font-weight: 400;\" aria-level=\"1\"><span style=\"font-weight: 400;\">Conciliaciones laborales, tanto en el marco del Servicio de Conciliaci\u00f3n Laboral Obligatoria como ante las delegaciones del Ministerio de Trabajo<\/span><\/li><\/ul><p><span style=\"font-weight: 400;\">Nuestro enfoque prioriza la <\/span><b>autonom\u00eda de las partes<\/b><span style=\"font-weight: 400;\">, la comunicaci\u00f3n efectiva y la b\u00fasqueda de soluciones pr\u00e1cticas, jur\u00eddicas y humanas<\/span><\/p>\t\t\t\t\t\t\t\t<\/div>\n\t\t\t\t\t<\/div>\n\t\t\t\t<\/div>\n\t\t<div class=\"elementor-element elementor-element-7f3cd79 e-flex e-con-boxed e-con e-parent\" data-id=\"7f3cd79\" data-element_type=\"container\">\n\t\t\t\t\t<div class=\"e-con-inner\">\n\t\t\t\t<div class=\"elementor-element elementor-element-153aef8 elementor-widget elementor-widget-text-editor\" data-id=\"153aef8\" data-element_type=\"widget\" id=\"Sociedades\" data-widget_type=\"text-editor.default\">\n\t\t\t\t\t\t\t\t\t<h3><b>Sociedades Comerciales\u00a0<\/b><\/h3><p><span style=\"font-weight: 400;\">Brindamos asesoramiento jur\u00eddico integral en la <\/span><b>constituci\u00f3n, organizaci\u00f3n y gesti\u00f3n de sociedades comerciales<\/b><span style=\"font-weight: 400;\">, con especial foco en <\/span><b>Sociedades de Responsabilidad Limitada (SRL)<\/b><span style=\"font-weight: 400;\"> y <\/span><b>Sociedades An\u00f3nimas (SA)<\/b><span style=\"font-weight: 400;\">, <\/span><b>exclusivamente ante la Inspecci\u00f3n General de Justicia (IGJ)<\/b><span style=\"font-weight: 400;\">.<\/span><\/p><p><span style=\"font-weight: 400;\">Nuestros servicios incluyen:<\/span><\/p><ul><li style=\"font-weight: 400;\" aria-level=\"1\"><span style=\"font-weight: 400;\">Constituci\u00f3n de sociedades (SRL y SA)<\/span><\/li><li style=\"font-weight: 400;\" aria-level=\"1\"><span style=\"font-weight: 400;\">Reformas estatutarias y contractuales<\/span><\/li><li style=\"font-weight: 400;\" aria-level=\"1\"><span style=\"font-weight: 400;\">Designaci\u00f3n, renuncia y modificaci\u00f3n de autoridades<\/span><\/li><li style=\"font-weight: 400;\" aria-level=\"1\"><span style=\"font-weight: 400;\">Cumplimiento del art\u00edculo 60 de la Ley General de Sociedades<\/span><\/li><li style=\"font-weight: 400;\" aria-level=\"1\"><span style=\"font-weight: 400;\">Dict\u00e1menes de precalificaci\u00f3n profesional<\/span><\/li><li style=\"font-weight: 400;\" aria-level=\"1\"><span style=\"font-weight: 400;\">Presentaciones, inscripciones y tr\u00e1mites societarios ante IGJ<\/span><\/li><\/ul><p><span style=\"font-weight: 400;\">Acompa\u00f1amos a socios y administradores asegurando <\/span><b>cumplimiento normativo, seguridad jur\u00eddica y orden societario<\/b><span style=\"font-weight: 400;\">, reduciendo observaciones registrales y previniendo conflictos futuros.<\/span><\/p>\t\t\t\t\t\t\t\t<\/div>\n\t\t\t\t\t<\/div>\n\t\t\t\t<\/div>\n\t\t<div class=\"elementor-element elementor-element-8c9f3c9 e-flex e-con-boxed e-con e-parent\" data-id=\"8c9f3c9\" data-element_type=\"container\">\n\t\t\t\t\t<div class=\"e-con-inner\">\n\t\t\t\t<div class=\"elementor-element elementor-element-8cee968 elementor-widget elementor-widget-text-editor\" data-id=\"8cee968\" data-element_type=\"widget\" data-widget_type=\"text-editor.default\">\n\t\t\t\t\t\t\t\t\t<h3><b>Derecho Inmobiliario<\/b><\/h3><p><span style=\"font-weight: 400;\">Asesoramiento jur\u00eddico integral en operaciones y situaciones vinculadas a bienes inmuebles, con un enfoque <\/span><b>preventivo, estrat\u00e9gico y orientado a la seguridad jur\u00eddica<\/b><span style=\"font-weight: 400;\">, acompa\u00f1ando a las partes desde la toma de decisi\u00f3n hasta la correcta instrumentaci\u00f3n del acto.<\/span><\/p><p><span style=\"font-weight: 400;\">Intervenimos en:<\/span><\/p><ul><li style=\"font-weight: 400;\" aria-level=\"1\"><span style=\"font-weight: 400;\">Compraventa de inmuebles<\/span><\/li><li style=\"font-weight: 400;\" aria-level=\"1\"><span style=\"font-weight: 400;\">An\u00e1lisis de antecedentes dominiales<\/span><\/li><li style=\"font-weight: 400;\" aria-level=\"1\"><span style=\"font-weight: 400;\">Boletos de compraventa, cesiones y contratos inmobiliarios<\/span><\/li><li style=\"font-weight: 400;\" aria-level=\"1\"><span style=\"font-weight: 400;\">Adjudicaciones en sucesiones y divisiones de condominio<\/span><\/li><li style=\"font-weight: 400;\" aria-level=\"1\"><span style=\"font-weight: 400;\">Condominios y conflictos entre copropietarios<\/span><\/li><li style=\"font-weight: 400;\" aria-level=\"1\"><span style=\"font-weight: 400;\">Contratos de locaci\u00f3n<\/span><\/li><li style=\"font-weight: 400;\" aria-level=\"1\"><span style=\"font-weight: 400;\">Negociaci\u00f3n y resoluci\u00f3n de conflictos inmobiliarios, priorizando acuerdos y soluciones extrajudiciales<\/span><\/li><\/ul><p><span style=\"font-weight: 400;\">Nuestro objetivo es <\/span><b>prevenir contingencias legales, resguardar el patrimonio y garantizar operaciones claras, seguras y sostenibles<\/b><span style=\"font-weight: 400;\">, integrando el asesoramiento jur\u00eddico con la negociaci\u00f3n y la resoluci\u00f3n alternativa de conflictos cuando la situaci\u00f3n lo requiere.<\/span><\/p>\t\t\t\t\t\t\t\t<\/div>\n\t\t\t\t\t<\/div>\n\t\t\t\t<\/div>\n\t\t<div class=\"elementor-element elementor-element-88fade6 e-flex e-con-boxed e-con e-parent\" data-id=\"88fade6\" data-element_type=\"container\">\n\t\t\t\t\t<div class=\"e-con-inner\">\n\t\t\t\t<div class=\"elementor-element elementor-element-7fa3046 elementor-widget elementor-widget-text-editor\" data-id=\"7fa3046\" data-element_type=\"widget\" data-widget_type=\"text-editor.default\">\n\t\t\t\t\t\t\t\t\t<h3><b>Derecho Previsional<\/b><\/h3><p><span style=\"font-weight: 400;\">Asesoramiento jur\u00eddico integral en materia previsional, orientado a la protecci\u00f3n de los derechos jubilatorios y a la correcta determinaci\u00f3n del haber previsional.<\/span><\/p><p><span style=\"font-weight: 400;\">Brindamos asistencia en:<\/span><\/p><ul><li style=\"font-weight: 400;\" aria-level=\"1\"><span style=\"font-weight: 400;\">Jubilaciones y pensiones<\/span><\/li><li style=\"font-weight: 400;\" aria-level=\"1\"><span style=\"font-weight: 400;\">Reajuste de haberes previsionales<\/span><\/li><li style=\"font-weight: 400;\" aria-level=\"1\"><span style=\"font-weight: 400;\">An\u00e1lisis de situaci\u00f3n previsional y c\u00e1lculo de haber<\/span><\/li><li style=\"font-weight: 400;\" aria-level=\"1\"><span style=\"font-weight: 400;\">Asesoramiento para el inicio y seguimiento de tr\u00e1mites previsionales<\/span><\/li><\/ul>\t\t\t\t\t\t\t\t<\/div>\n\t\t\t\t\t<\/div>\n\t\t\t\t<\/div>\n\t\t<div class=\"elementor-element elementor-element-3dbadd3 e-flex e-con-boxed e-con e-parent\" data-id=\"3dbadd3\" data-element_type=\"container\">\n\t\t\t\t\t<div class=\"e-con-inner\">\n\t\t\t\t<div class=\"elementor-element elementor-element-67ebb6b elementor-widget elementor-widget-text-editor\" data-id=\"67ebb6b\" data-element_type=\"widget\" data-widget_type=\"text-editor.default\">\n\t\t\t\t\t\t\t\t\t<h3><b>Cobranzas<\/b><\/h3><p><span style=\"font-weight: 400;\">Gesti\u00f3n integral de cobranzas con un enfoque <\/span><b>estrat\u00e9gico y escalonado<\/b><span style=\"font-weight: 400;\">, priorizando la <\/span><b>negociaci\u00f3n y la recuperaci\u00f3n temprana del cr\u00e9dito<\/b><span style=\"font-weight: 400;\">, y recurriendo a la v\u00eda judicial solo cuando resulta necesario.<\/span><\/p><p><span style=\"font-weight: 400;\">Intervenimos en:<\/span><\/p><ul><li style=\"font-weight: 400;\" aria-level=\"1\"><span style=\"font-weight: 400;\">Cobranzas de alquileres<\/span><\/li><li style=\"font-weight: 400;\" aria-level=\"1\"><span style=\"font-weight: 400;\">Cheques, pagar\u00e9s y otros t\u00edtulos ejecutivos<\/span><\/li><li style=\"font-weight: 400;\" aria-level=\"1\"><span style=\"font-weight: 400;\">Facturas comerciales y deudas empresariales<\/span><\/li><li style=\"font-weight: 400;\" aria-level=\"1\"><span style=\"font-weight: 400;\">Expensas<\/span><\/li><li style=\"font-weight: 400;\" aria-level=\"1\"><span style=\"font-weight: 400;\">Ejecuciones judiciales<\/span><\/li><li style=\"font-weight: 400;\" aria-level=\"1\"><span style=\"font-weight: 400;\">Levantamiento de embargos e inhibiciones<\/span><\/li><li style=\"font-weight: 400;\" aria-level=\"1\"><span style=\"font-weight: 400;\">Gesti\u00f3n de situaci\u00f3n crediticia y Veraz<\/span><\/li><\/ul><p><span style=\"font-weight: 400;\">Nuestro objetivo es <\/span><b>recuperar el cr\u00e9dito de manera eficiente<\/b><span style=\"font-weight: 400;\">, cuidando la relaci\u00f3n entre las partes y optimizando tiempos y costos.<\/span><\/p>\t\t\t\t\t\t\t\t<\/div>\n\t\t\t\t\t<\/div>\n\t\t\t\t<\/div>\n\t\t\t\t<\/div>\n\t\t","protected":false},"excerpt":{"rendered":"<p>Derecho de Sucesiones Sucesiones testamentarias Sucesiones ab intestato Partici\u00f3n y adjudicaci\u00f3n de bienes Administraci\u00f3n del acervo hereditario Rastreo y localizaci\u00f3n de bienes del causante Rastreo de procesos sucesorios iniciados Inscripci\u00f3n de bienes registrables Gestiones de partidas \u00a0 Derecho de Da\u00f1os Responsabilidad civil contractual y extracontractual Mala praxis m\u00e9dica y profesional Accidentes de tr\u00e1nsito Reclamos ante [&hellip;]<\/p>\n","protected":false},"author":1,"featured_media":0,"parent":0,"menu_order":0,"comment_status":"closed","ping_status":"closed","template":"","meta":{"_glsr_average":0,"_glsr_ranking":0,"_glsr_reviews":0,"_joinchat":[],"footnotes":""},"class_list":["post-60","page","type-page","status-publish","hentry"],"yoast_head":"<!-- This site is optimized with the Yoast SEO plugin v27.1.1 - https:\/\/yoast.com\/product\/yoast-seo-wordpress\/ -->\n<title>Servicios -<\/title>\n<meta name=\"robots\" content=\"index, follow, max-snippet:-1, max-image-preview:large, max-video-preview:-1\" \/>\n<link rel=\"canonical\" href=\"https:\/\/leyqueactiva.com\/index.php\/servicios\/\" \/>\n<meta property=\"og:locale\" content=\"es_ES\" \/>\n<meta property=\"og:type\" content=\"article\" \/>\n<meta property=\"og:title\" content=\"Servicios -\" \/>\n<meta property=\"og:description\" content=\"Derecho de Sucesiones Sucesiones testamentarias Sucesiones ab intestato Partici\u00f3n y adjudicaci\u00f3n de bienes Administraci\u00f3n del acervo hereditario Rastreo y localizaci\u00f3n de bienes del causante Rastreo de procesos sucesorios iniciados Inscripci\u00f3n de bienes registrables Gestiones de partidas \u00a0 Derecho de Da\u00f1os Responsabilidad civil contractual y extracontractual Mala praxis m\u00e9dica y profesional Accidentes de tr\u00e1nsito Reclamos ante [&hellip;]\" \/>\n<meta property=\"og:url\" content=\"https:\/\/leyqueactiva.com\/index.php\/servicios\/\" \/>\n<meta property=\"article:publisher\" content=\"https:\/\/www.facebook.com\/profile.php?id=61587567388037\" \/>\n<meta property=\"article:modified_time\" content=\"2026-03-12T03:21:10+00:00\" \/>\n<meta name=\"twitter:card\" content=\"summary_large_image\" \/>\n<meta name=\"twitter:label1\" content=\"Tiempo de lectura\" \/>\n\t<meta name=\"twitter:data1\" content=\"3 minutos\" \/>\n<script type=\"application\/ld+json\" class=\"yoast-schema-graph\">{\"@context\":\"https:\/\/schema.org\",\"@graph\":[{\"@type\":\"WebPage\",\"@id\":\"https:\/\/leyqueactiva.com\/index.php\/servicios\/\",\"url\":\"https:\/\/leyqueactiva.com\/index.php\/servicios\/\",\"name\":\"Servicios -\",\"isPartOf\":{\"@id\":\"https:\/\/leyqueactiva.com\/#website\"},\"datePublished\":\"2026-01-25T13:51:47+00:00\",\"dateModified\":\"2026-03-12T03:21:10+00:00\",\"breadcrumb\":{\"@id\":\"https:\/\/leyqueactiva.com\/index.php\/servicios\/#breadcrumb\"},\"inLanguage\":\"es\",\"potentialAction\":[{\"@type\":\"ReadAction\",\"target\":[\"https:\/\/leyqueactiva.com\/index.php\/servicios\/\"]}]},{\"@type\":\"BreadcrumbList\",\"@id\":\"https:\/\/leyqueactiva.com\/index.php\/servicios\/#breadcrumb\",\"itemListElement\":[{\"@type\":\"ListItem\",\"position\":1,\"name\":\"Portada\",\"item\":\"https:\/\/leyqueactiva.com\/\"},{\"@type\":\"ListItem\",\"position\":2,\"name\":\"Servicios\"}]},{\"@type\":\"WebSite\",\"@id\":\"https:\/\/leyqueactiva.com\/#website\",\"url\":\"https:\/\/leyqueactiva.com\/\",\"name\":\"leyqueactiva\",\"description\":\"Ley que Activa\",\"publisher\":{\"@id\":\"https:\/\/leyqueactiva.com\/#organization\"},\"potentialAction\":[{\"@type\":\"SearchAction\",\"target\":{\"@type\":\"EntryPoint\",\"urlTemplate\":\"https:\/\/leyqueactiva.com\/?s={search_term_string}\"},\"query-input\":{\"@type\":\"PropertyValueSpecification\",\"valueRequired\":true,\"valueName\":\"search_term_string\"}}],\"inLanguage\":\"es\"},{\"@type\":\"Organization\",\"@id\":\"https:\/\/leyqueactiva.com\/#organization\",\"name\":\"Ley que Activa\",\"url\":\"https:\/\/leyqueactiva.com\/\",\"logo\":{\"@type\":\"ImageObject\",\"inLanguage\":\"es\",\"@id\":\"https:\/\/leyqueactiva.com\/#\/schema\/logo\/image\/\",\"url\":\"https:\/\/leyqueactiva.com\/wp-content\/uploads\/2026\/01\/2F93C4B1-3C96-4B01-B587-92FE004A9294.png\",\"contentUrl\":\"https:\/\/leyqueactiva.com\/wp-content\/uploads\/2026\/01\/2F93C4B1-3C96-4B01-B587-92FE004A9294.png\",\"width\":1536,\"height\":1024,\"caption\":\"Ley que Activa\"},\"image\":{\"@id\":\"https:\/\/leyqueactiva.com\/#\/schema\/logo\/image\/\"},\"sameAs\":[\"https:\/\/www.facebook.com\/profile.php?id=61587567388037\"]}]}<\/script>\n<!-- \/ Yoast SEO plugin. -->","yoast_head_json":{"title":"Servicios -","robots":{"index":"index","follow":"follow","max-snippet":"max-snippet:-1","max-image-preview":"max-image-preview:large","max-video-preview":"max-video-preview:-1"},"canonical":"https:\/\/leyqueactiva.com\/index.php\/servicios\/","og_locale":"es_ES","og_type":"article","og_title":"Servicios -","og_description":"Derecho de Sucesiones Sucesiones testamentarias Sucesiones ab intestato Partici\u00f3n y adjudicaci\u00f3n de bienes Administraci\u00f3n del acervo hereditario Rastreo y localizaci\u00f3n de bienes del causante Rastreo de procesos sucesorios iniciados Inscripci\u00f3n de bienes registrables Gestiones de partidas \u00a0 Derecho de Da\u00f1os Responsabilidad civil contractual y extracontractual Mala praxis m\u00e9dica y profesional Accidentes de tr\u00e1nsito Reclamos ante [&hellip;]","og_url":"https:\/\/leyqueactiva.com\/index.php\/servicios\/","article_publisher":"https:\/\/www.facebook.com\/profile.php?id=61587567388037","article_modified_time":"2026-03-12T03:21:10+00:00","twitter_card":"summary_large_image","twitter_misc":{"Tiempo de lectura":"3 minutos"},"schema":{"@context":"https:\/\/schema.org","@graph":[{"@type":"WebPage","@id":"https:\/\/leyqueactiva.com\/index.php\/servicios\/","url":"https:\/\/leyqueactiva.com\/index.php\/servicios\/","name":"Servicios -","isPartOf":{"@id":"https:\/\/leyqueactiva.com\/#website"},"datePublished":"2026-01-25T13:51:47+00:00","dateModified":"2026-03-12T03:21:10+00:00","breadcrumb":{"@id":"https:\/\/leyqueactiva.com\/index.php\/servicios\/#breadcrumb"},"inLanguage":"es","potentialAction":[{"@type":"ReadAction","target":["https:\/\/leyqueactiva.com\/index.php\/servicios\/"]}]},{"@type":"BreadcrumbList","@id":"https:\/\/leyqueactiva.com\/index.php\/servicios\/#breadcrumb","itemListElement":[{"@type":"ListItem","position":1,"name":"Portada","item":"https:\/\/leyqueactiva.com\/"},{"@type":"ListItem","position":2,"name":"Servicios"}]},{"@type":"WebSite","@id":"https:\/\/leyqueactiva.com\/#website","url":"https:\/\/leyqueactiva.com\/","name":"leyqueactiva","description":"Ley que Activa","publisher":{"@id":"https:\/\/leyqueactiva.com\/#organization"},"potentialAction":[{"@type":"SearchAction","target":{"@type":"EntryPoint","urlTemplate":"https:\/\/leyqueactiva.com\/?s={search_term_string}"},"query-input":{"@type":"PropertyValueSpecification","valueRequired":true,"valueName":"search_term_string"}}],"inLanguage":"es"},{"@type":"Organization","@id":"https:\/\/leyqueactiva.com\/#organization","name":"Ley que Activa","url":"https:\/\/leyqueactiva.com\/","logo":{"@type":"ImageObject","inLanguage":"es","@id":"https:\/\/leyqueactiva.com\/#\/schema\/logo\/image\/","url":"https:\/\/leyqueactiva.com\/wp-content\/uploads\/2026\/01\/2F93C4B1-3C96-4B01-B587-92FE004A9294.png","contentUrl":"https:\/\/leyqueactiva.com\/wp-content\/uploads\/2026\/01\/2F93C4B1-3C96-4B01-B587-92FE004A9294.png","width":1536,"height":1024,"caption":"Ley que Activa"},"image":{"@id":"https:\/\/leyqueactiva.com\/#\/schema\/logo\/image\/"},"sameAs":["https:\/\/www.facebook.com\/profile.php?id=61587567388037"]}]}},"_links":{"self":[{"href":"https:\/\/leyqueactiva.com\/index.php\/wp-json\/wp\/v2\/pages\/60","targetHints":{"allow":["GET"]}}],"collection":[{"href":"https:\/\/leyqueactiva.com\/index.php\/wp-json\/wp\/v2\/pages"}],"about":[{"href":"https:\/\/leyqueactiva.com\/index.php\/wp-json\/wp\/v2\/types\/page"}],"author":[{"embeddable":true,"href":"https:\/\/leyqueactiva.com\/index.php\/wp-json\/wp\/v2\/users\/1"}],"replies":[{"embeddable":true,"href":"https:\/\/leyqueactiva.com\/index.php\/wp-json\/wp\/v2\/comments?post=60"}],"version-history":[{"count":522,"href":"https:\/\/leyqueactiva.com\/index.php\/wp-json\/wp\/v2\/pages\/60\/revisions"}],"predecessor-version":[{"id":2058,"href":"https:\/\/leyqueactiva.com\/index.php\/wp-json\/wp\/v2\/pages\/60\/revisions\/2058"}],"wp:attachment":[{"href":"https:\/\/leyqueactiva.com\/index.php\/wp-json\/wp\/v2\/media?parent=60"}],"curies":[{"name":"wp","href":"https:\/\/api.w.org\/{rel}","templated":true}]}}